{"id":3506,"date":"2020-01-05T13:57:43","date_gmt":"2020-01-05T11:57:43","guid":{"rendered":"http:\/\/www.acunmakina.com\/tr\/?page_id=3506"},"modified":"2020-01-06T10:20:54","modified_gmt":"2020-01-06T08:20:54","slug":"anasayfa","status":"publish","type":"page","link":"https:\/\/www.acunmakina.com\/tr\/","title":{"rendered":"Anasayfa"},"content":{"rendered":"<div id='layer_slider_1'  class='avia-layerslider main_color avia-shadow  avia-builder-el-0  el_before_av_section  avia-builder-el-first  container_wrap sidebar_right' style='  height: 701px; max-width: 1920px; margin: 0 auto;' ><\/div>\n<div id='av_section_1'  class='avia-section main_color avia-section-default avia-no-shadow  avia-bg-style-scroll  avia-builder-el-1  el_after_av_layerslider  el_before_av_section   container_wrap sidebar_right' style=' '  ><div class='container' ><div class='template-page content  av-content-small alpha units'><div class='post-entry post-entry-type-page post-entry-3506'><div class='entry-content-wrapper clearfix'>\n<div class=\"flex_column av_one_third  flex_column_div av-zero-column-padding first  avia-builder-el-2  el_before_av_one_third  avia-builder-el-first  \" style='border-radius:0px; '><article  class=\"iconbox iconbox_left_content    avia-builder-el-3  avia-builder-el-no-sibling  \"  itemscope=\"itemscope\" itemtype=\"https:\/\/schema.org\/CreativeWork\" ><div class=\"iconbox_icon heading-color\" aria-hidden='true' data-av_icon='\ue855' data-av_iconfont='entypo-fontello'  style='background-color:#b02b2c; color:#ffffff; ' ><\/div><div class=\"iconbox_content\"><header class=\"entry-content-header\"><h3 class='iconbox_content_title  '  itemprop=\"headline\"  >Kaliteli \u00dcretim<\/h3><\/header><div class='iconbox_content_container  '  itemprop=\"text\"  ><p>Y\u0131llard\u0131r m\u00fc\u015fterimize tecr\u00fcbemizle harmanlad\u0131\u011f\u0131m\u0131z en kaliteli \u00fcr\u00fcnleri sunuyoruz.<\/p>\n<\/div><\/div><footer class=\"entry-footer\"><\/footer><\/article><\/div><div class=\"flex_column av_one_third  flex_column_div av-zero-column-padding   avia-builder-el-4  el_after_av_one_third  el_before_av_one_third  \" style='border-radius:0px; '><article  class=\"iconbox iconbox_left_content    avia-builder-el-5  avia-builder-el-no-sibling  \"  itemscope=\"itemscope\" itemtype=\"https:\/\/schema.org\/CreativeWork\" ><div class=\"iconbox_icon heading-color\" aria-hidden='true' data-av_icon='\ue858' data-av_iconfont='entypo-fontello'  style='background-color:#b02b2c; color:#ffffff; ' ><\/div><div class=\"iconbox_content\"><header class=\"entry-content-header\"><h3 class='iconbox_content_title  '  itemprop=\"headline\"  >Yedek Par\u00e7a<\/h3><\/header><div class='iconbox_content_container  '  itemprop=\"text\"  ><p>Fantazi iplik makinelerinin \u00fcretiminin yan\u0131nda yedek par\u00e7a teminini de ba\u015far\u0131yla ger\u00e7ekle\u015ftiriyoruz.<\/p>\n<\/div><\/div><footer class=\"entry-footer\"><\/footer><\/article><\/div><div class=\"flex_column av_one_third  flex_column_div av-zero-column-padding   avia-builder-el-6  el_after_av_one_third  avia-builder-el-last  \" style='border-radius:0px; '><article  class=\"iconbox iconbox_left_content    avia-builder-el-7  avia-builder-el-no-sibling  \"  itemscope=\"itemscope\" itemtype=\"https:\/\/schema.org\/CreativeWork\" ><div class=\"iconbox_icon heading-color\" aria-hidden='true' data-av_icon='\ue82b' data-av_iconfont='entypo-fontello'  style='background-color:#b02b2c; color:#ffffff; ' ><\/div><div class=\"iconbox_content\"><header class=\"entry-content-header\"><h3 class='iconbox_content_title  '  itemprop=\"headline\"  >Garantili \u00dcr\u00fcn<\/h3><\/header><div class='iconbox_content_container  '  itemprop=\"text\"  ><p>\u00dcretti\u011fimiz \u00fcr\u00fcnlerin tamam\u0131 garantimiz alt\u0131ndad\u0131r, Acun Makina g\u00fcvencesiyle \u00fcretilen kaliteli ve sa\u011flam \u00fcr\u00fcnler.<\/p>\n<\/div><\/div><footer class=\"entry-footer\"><\/footer><\/article><\/div>\n\n<\/div><\/div><\/div><!-- close content main div --><\/div><\/div><div id='av_section_2'  class='avia-section main_color avia-section-default avia-no-shadow  av-section-color-overlay-active avia-bg-style-scroll  avia-builder-el-8  el_after_av_section  avia-builder-el-last   av-minimum-height av-minimum-height-custom  container_wrap sidebar_right' style='background-repeat: no-repeat; background-image: url(https:\/\/www.acunmakina.com\/tr\/wp-content\/uploads\/2020\/01\/acun-makina-bg-gorsel-home.jpg);background-attachment: scroll; background-position: top left;  '  data-section-bg-repeat='no-repeat'><div class='av-section-color-overlay-wrap'><div class='av-section-color-overlay' style='opacity: 0.5; background-color: #ffffff; '><\/div><div class='container' style='height:450px'><div class='template-page content  av-content-small alpha units'><div class='post-entry post-entry-type-page post-entry-3506'><div class='entry-content-wrapper clearfix'>\n<div class=\"flex_column av_two_fifth  flex_column_div av-zero-column-padding first  avia-builder-el-9  el_before_av_one_fifth  avia-builder-el-first  \" style='border-radius:0px; '><p><div  style='padding-bottom:10px; ' class='av-special-heading av-special-heading-h3    avia-builder-el-10  el_before_av_contact  avia-builder-el-first  '><h3 class='av-special-heading-tag '  itemprop=\"headline\"  >Biz Sizi Arayal\u0131m<\/h3><div class='special-heading-border'><div class='special-heading-inner-border' ><\/div><\/div><\/div><br \/>\n<form action=\"https:\/\/www.acunmakina.com\/tr\/\" method=\"post\"  class=\"avia_ajax_form av-form-labels-visible   avia-builder-el-11  el_after_av_heading  avia-builder-el-last  av-custom-form-color av-dark-form \" data-avia-form-id=\"1\" data-avia-redirect='' ><fieldset><p class='  first_form  form_element form_element_half' id='element_avia_1_1'><label for=\"avia_1_1\">Ad Soyad <abbr class=\"required\" title=\"Zorunlu\">*<\/abbr><\/label> <input name=\"avia_1_1\" class=\"text_input is_empty\" type=\"text\" id=\"avia_1_1\" value=\"\" \/><\/p><p class='  form_element form_element_half' id='element_avia_2_1'><label for=\"avia_2_1\">Telefon <abbr class=\"required\" title=\"Zorunlu\">*<\/abbr><\/label> <input name=\"avia_2_1\" class=\"text_input is_phone\" type=\"text\" id=\"avia_2_1\" value=\"\" \/><\/p><p class='  first_form  form_element form_fullwidth av-last-visible-form-element' id='element_avia_3_1'><label for=\"avia_3_1\">Konu <abbr class=\"required\" title=\"Zorunlu\">*<\/abbr><\/label> <input name=\"avia_3_1\" class=\"text_input is_empty\" type=\"text\" id=\"avia_3_1\" value=\"\" \/><\/p><p class=\"hidden\"><input type=\"text\" name=\"avia_4_1\" class=\"hidden \" id=\"avia_4_1\" value=\"\" \/><\/p><p class=\"form_element \"><input type=\"hidden\" value=\"1\" name=\"avia_generated_form1\" \/><input type=\"submit\" value=\"G\u00f6nder\" class=\"button\"  data-sending-label=\"G\u00f6nderiliyor\"\/><\/p><\/fieldset><\/form><div id=\"ajaxresponse_1\" class=\"ajaxresponse ajaxresponse_1 hidden\"><\/div><\/p><\/div><div class=\"flex_column av_one_fifth  flex_column_div av-zero-column-padding   avia-builder-el-12  el_after_av_two_fifth  el_before_av_two_fifth  \" style='border-radius:0px; '><\/div><div class=\"flex_column av_two_fifth  flex_column_div av-zero-column-padding   avia-builder-el-13  el_after_av_one_fifth  avia-builder-el-last  \" style='border-radius:0px; '><p><div  style='height:50px' class='hr hr-invisible   avia-builder-el-14  el_before_av_textblock  avia-builder-el-first '><span class='hr-inner ' ><span class='hr-inner-style'><\/span><\/span><\/div><br \/>\n<section class=\"av_textblock_section \"  itemscope=\"itemscope\" itemtype=\"https:\/\/schema.org\/CreativeWork\" ><div class='avia_textblock  av_inherit_color '  style='font-size:17px; color:#0c0c0c; '  itemprop=\"text\" ><h2><strong>\u00dcretim ve Tedarik Hizmetlerimiz<\/strong><\/h2>\n<ul>\n<li>Fantazi \u0130plik Makineleri \u00dcretimi<\/li>\n<li>Yumo\u015f Makineleri \u00dcretimi<\/li>\n<li>Lase Makinesi \u00dcretimi<\/li>\n<li>\u0130plik Makineleri Yedek Par\u00e7a Temini<\/li>\n<\/ul>\n<\/div><\/section><\/p><\/div><\/div><\/div><\/div><!-- close content main div --><\/div><\/div><\/div><div id='after_section_2'  class='main_color av_default_container_wrap container_wrap sidebar_right' style=' '  ><div class='container' ><div class='template-page content  av-content-small alpha units'><div class='post-entry post-entry-type-page post-entry-3506'><div class='entry-content-wrapper clearfix'>\n","protected":false},"excerpt":{"rendered":"","protected":false},"author":1,"featured_media":0,"parent":0,"menu_order":0,"comment_status":"closed","ping_status":"closed","template":"","meta":{"footnotes":""},"_links":{"self":[{"href":"https:\/\/www.acunmakina.com\/tr\/wp-json\/wp\/v2\/pages\/3506"}],"collection":[{"href":"https:\/\/www.acunmakina.com\/tr\/wp-json\/wp\/v2\/pages"}],"about":[{"href":"https:\/\/www.acunmakina.com\/tr\/wp-json\/wp\/v2\/types\/page"}],"author":[{"embeddable":true,"href":"https:\/\/www.acunmakina.com\/tr\/wp-json\/wp\/v2\/users\/1"}],"replies":[{"embeddable":true,"href":"https:\/\/www.acunmakina.com\/tr\/wp-json\/wp\/v2\/comments?post=3506"}],"version-history":[{"count":14,"href":"https:\/\/www.acunmakina.com\/tr\/wp-json\/wp\/v2\/pages\/3506\/revisions"}],"predecessor-version":[{"id":3633,"href":"https:\/\/www.acunmakina.com\/tr\/wp-json\/wp\/v2\/pages\/3506\/revisions\/3633"}],"wp:attachment":[{"href":"https:\/\/www.acunmakina.com\/tr\/wp-json\/wp\/v2\/media?parent=3506"}],"curies":[{"name":"wp","href":"https:\/\/api.w.org\/{rel}","templated":true}]}}