{"id":3522,"date":"2020-01-05T19:53:04","date_gmt":"2020-01-05T17:53:04","guid":{"rendered":"http:\/\/www.acunmakina.com\/tr\/?page_id=3522"},"modified":"2020-01-05T20:57:56","modified_gmt":"2020-01-05T18:57:56","slug":"hakkimizda","status":"publish","type":"page","link":"https:\/\/www.acunmakina.com\/tr\/hakkimizda\/","title":{"rendered":"Hakk\u0131m\u0131zda"},"content":{"rendered":"<div id='av_section_1'  class='avia-section main_color avia-section-default avia-no-shadow  av-section-color-overlay-active avia-bg-style-scroll  avia-builder-el-0  el_before_av_section  avia-builder-el-first   container_wrap sidebar_right' style='background-repeat: no-repeat; background-image: url(https:\/\/www.acunmakina.com\/tr\/wp-content\/uploads\/2020\/01\/ust-hakkimizda.jpg);background-attachment: scroll; background-position: top left;  '  data-section-bg-repeat='no-repeat'><div class='av-section-color-overlay-wrap'><div class='av-section-color-overlay' style='opacity: 0.7; background-color: #b02b2c; '><\/div><div class='container' ><main  role=\"main\" itemprop=\"mainContentOfPage\"  class='template-page content  av-content-small alpha units'><div class='post-entry post-entry-type-page post-entry-3522'><div class='entry-content-wrapper clearfix'>\n<div  style='padding-bottom:10px; color:#ffffff;' class='av-special-heading av-special-heading-h2 custom-color-heading   avia-builder-el-1  avia-builder-el-no-sibling  '><h2 class='av-special-heading-tag '  itemprop=\"headline\"  >Hakk\u0131m\u0131zda<\/h2><div class='special-heading-border'><div class='special-heading-inner-border' style='border-color:#ffffff'><\/div><\/div><\/div>\n\n<\/div><\/div><\/main><!-- close content main element --><\/div><\/div><\/div><div id='av_section_2'  class='avia-section main_color avia-section-default avia-no-shadow  avia-bg-style-scroll  avia-builder-el-2  el_after_av_section  el_before_av_section   container_wrap sidebar_right' style=' '  ><div class='container' ><div class='template-page content  av-content-small alpha units'><div class='post-entry post-entry-type-page post-entry-3522'><div class='entry-content-wrapper clearfix'>\n<div  style='height:60px' class='hr hr-invisible   avia-builder-el-3  el_before_av_two_fifth  avia-builder-el-first '><span class='hr-inner ' ><span class='hr-inner-style'><\/span><\/span><\/div>\n<div class=\"flex_column av_two_fifth  av-hide-on-mobile  flex_column_div av-zero-column-padding first  avia-builder-el-4  el_after_av_hr  el_before_av_three_fifth  \" style='border-radius:0px; '><div  class='avia-image-container  av-styling-    avia-builder-el-5  avia-builder-el-no-sibling  avia-align-center '  itemprop=\"image\" itemscope=\"itemscope\" itemtype=\"https:\/\/schema.org\/ImageObject\"  ><div class='avia-image-container-inner'><div class='avia-image-overlay-wrap'><img decoding=\"async\" class='wp-image-3526 avia-img-lazy-loading-not-3526 avia_image' src=\"https:\/\/www.acunmakina.com\/tr\/wp-content\/uploads\/2020\/01\/acun-makina-logo-fav-300x300.png\" alt='' title='' height=\"300\" width=\"300\"  itemprop=\"thumbnailUrl\" srcset=\"https:\/\/www.acunmakina.com\/tr\/wp-content\/uploads\/2020\/01\/acun-makina-logo-fav-300x300.png 300w, https:\/\/www.acunmakina.com\/tr\/wp-content\/uploads\/2020\/01\/acun-makina-logo-fav-80x80.png 80w, https:\/\/www.acunmakina.com\/tr\/wp-content\/uploads\/2020\/01\/acun-makina-logo-fav-36x36.png 36w, https:\/\/www.acunmakina.com\/tr\/wp-content\/uploads\/2020\/01\/acun-makina-logo-fav-180x180.png 180w, https:\/\/www.acunmakina.com\/tr\/wp-content\/uploads\/2020\/01\/acun-makina-logo-fav-120x120.png 120w, https:\/\/www.acunmakina.com\/tr\/wp-content\/uploads\/2020\/01\/acun-makina-logo-fav-450x450.png 450w, https:\/\/www.acunmakina.com\/tr\/wp-content\/uploads\/2020\/01\/acun-makina-logo-fav.png 600w\" sizes=\"(max-width: 300px) 100vw, 300px\" \/><\/div><\/div><\/div><\/div><div class=\"flex_column av_three_fifth  flex_column_div av-zero-column-padding   avia-builder-el-6  el_after_av_two_fifth  el_before_av_hr  \" style='border-radius:0px; '><p><div  style='padding-bottom:10px; ' class='av-special-heading av-special-heading-h1  blockquote classic-quote  avia-builder-el-7  el_before_av_textblock  avia-builder-el-first  av-thin-font '><h1 class='av-special-heading-tag '  itemprop=\"headline\"  ><strong>37<\/strong> Y\u0131ld\u0131r Kalite \u00dcretiyoruz<\/h1><div class='special-heading-border'><div class='special-heading-inner-border' ><\/div><\/div><\/div><br \/>\n<section class=\"av_textblock_section \"  itemscope=\"itemscope\" itemtype=\"https:\/\/schema.org\/CreativeWork\" ><div class='avia_textblock  av_inherit_color '  style='font-size:14px; color:#0a0a0a; '  itemprop=\"text\" ><p style=\"text-align: justify;\">Acun Makina 1983 y\u0131l\u0131nda Tevfik ACUN taraf\u0131ndan Bursa&#8217;da kurulmu\u015ftur. Kuruldu\u011fu g\u00fcnden bu yana kalite odakl\u0131 hizmet anlay\u0131\u015f\u0131yla hizmet veren Acun Makina, sekt\u00f6rde ad\u0131ndan bahsedilir firmalar aras\u0131nda yerini alm\u0131\u015ft\u0131r.<\/p>\n<p style=\"text-align: justify;\"><strong> &#8220;Fantazi \u0130plik Makinalar\u0131&#8221;<\/strong> \u00fczerinde yap\u0131lan yo\u011fun \u00fcretim ve arge \u00e7al\u0131\u015fmalar\u0131 sonucu hedeflerini ba\u015far\u0131yla ger\u00e7ekle\u015ftiren Acun Makina, bir\u00e7ok \u00fclkeye ihra\u00e7 etti\u011fi makineler ile sekt\u00f6re g\u00fc\u00e7 vermeye devam etmektedir.<\/p>\n<p style=\"text-align: justify;\">Fantazi iplik makinalar\u0131nda tecr\u00fcbelerimiz do\u011frultusunda en iyi bildi\u011fimiz ve en iyisini \u00fcretti\u011fimize inand\u0131\u011f\u0131m\u0131z; Yumo\u015f Makinalar\u0131, Yumak Makinalar\u0131, ve Kordon Makinalar\u0131 alan\u0131nda sekt\u00f6r\u00fcn en iyi \u00fcr\u00fcnlerini \u00fcretiyoruz.<\/p>\n<p style=\"text-align: justify;\">Tamamen yerli ve milli \u00fcretim makinelerimiz ile \u00fclke olarak ihtiyac\u0131m\u0131z olan ihracat ad\u0131mlar\u0131n\u0131 gururla ve hedeften \u015fa\u015fmadan atmaya devam ediyoruz. Yerli ve milli ekonomiye olan inanc\u0131m\u0131zla yolumuzda ba\u015far\u0131yla y\u00fcr\u00fcmeye devam edece\u011fiz.<\/p>\n<\/div><\/section><\/p><\/div><div  style='height:60px' class='hr hr-invisible   avia-builder-el-9  el_after_av_three_fifth  avia-builder-el-last '><span class='hr-inner ' ><span class='hr-inner-style'><\/span><\/span><\/div>\n<\/div><\/div><\/div><!-- close content main div --><\/div><\/div><div id='av_section_3'  class='avia-section main_color avia-section-small avia-no-shadow  avia-bg-style-scroll  avia-builder-el-10  el_after_av_section  avia-builder-el-last   av-minimum-height av-minimum-height-custom  container_wrap sidebar_right' style='background-color: #9e9e9e;  '  ><div class='container' style='height:50px'><div class='template-page content  av-content-small alpha units'><div class='post-entry post-entry-type-page post-entry-3522'><div class='entry-content-wrapper clearfix'><\/div><\/div><\/div><!-- close content main div --><\/div><\/div><div id='after_section_3'  class='main_color av_default_container_wrap container_wrap sidebar_right' style=' '  ><div class='container' ><div class='template-page content  av-content-small alpha units'><div class='post-entry post-entry-type-page post-entry-3522'><div class='entry-content-wrapper clearfix'><\/p>\n","protected":false},"excerpt":{"rendered":"","protected":false},"author":1,"featured_media":0,"parent":0,"menu_order":0,"comment_status":"closed","ping_status":"closed","template":"","meta":{"footnotes":""},"_links":{"self":[{"href":"https:\/\/www.acunmakina.com\/tr\/wp-json\/wp\/v2\/pages\/3522"}],"collection":[{"href":"https:\/\/www.acunmakina.com\/tr\/wp-json\/wp\/v2\/pages"}],"about":[{"href":"https:\/\/www.acunmakina.com\/tr\/wp-json\/wp\/v2\/types\/page"}],"author":[{"embeddable":true,"href":"https:\/\/www.acunmakina.com\/tr\/wp-json\/wp\/v2\/users\/1"}],"replies":[{"embeddable":true,"href":"https:\/\/www.acunmakina.com\/tr\/wp-json\/wp\/v2\/comments?post=3522"}],"version-history":[{"count":12,"href":"https:\/\/www.acunmakina.com\/tr\/wp-json\/wp\/v2\/pages\/3522\/revisions"}],"predecessor-version":[{"id":3543,"href":"https:\/\/www.acunmakina.com\/tr\/wp-json\/wp\/v2\/pages\/3522\/revisions\/3543"}],"wp:attachment":[{"href":"https:\/\/www.acunmakina.com\/tr\/wp-json\/wp\/v2\/media?parent=3522"}],"curies":[{"name":"wp","href":"https:\/\/api.w.org\/{rel}","templated":true}]}}